{"id":1448,"date":"2022-08-25T13:27:00","date_gmt":"2022-08-25T13:27:00","guid":{"rendered":"https:\/\/mechatronic.com\/?page_id=1448"},"modified":"2023-10-05T08:43:49","modified_gmt":"2023-10-05T08:43:49","slug":"home","status":"publish","type":"page","link":"https:\/\/mechatronic.com\/","title":{"rendered":"Home"},"content":{"rendered":"\t\t<div data-elementor-type=\"wp-page\" data-elementor-id=\"1448\" class=\"elementor elementor-1448\">\n\t\t\t\t\t\t<section class=\"elementor-section elementor-top-section elementor-element elementor-element-6e2f681 elementor-section-boxed elementor-section-height-default elementor-section-height-default\" data-id=\"6e2f681\" data-element_type=\"section\" data-e-type=\"section\">\n\t\t\t\t\t\t<div class=\"elementor-container elementor-column-gap-wide\">\n\t\t\t\t\t<div class=\"elementor-column elementor-col-50 elementor-top-column elementor-element elementor-element-e8c6ac4\" data-id=\"e8c6ac4\" data-element_type=\"column\" data-e-type=\"column\">\n\t\t\t<div class=\"elementor-widget-wrap elementor-element-populated\">\n\t\t\t\t\t\t<div class=\"elementor-element elementor-element-0e047c2 elementor-widget elementor-widget-spacer\" data-id=\"0e047c2\" data-element_type=\"widget\" data-e-type=\"widget\" data-widget_type=\"spacer.default\">\n\t\t\t\t<div class=\"elementor-widget-container\">\n\t\t\t\t\t\t\t<div class=\"elementor-spacer\">\n\t\t\t<div class=\"elementor-spacer-inner\"><\/div>\n\t\t<\/div>\n\t\t\t\t\t\t<\/div>\n\t\t\t\t<\/div>\n\t\t<div class=\"elementor-element elementor-element-3dc06e8 e-con-full e-flex e-con e-parent\" data-id=\"3dc06e8\" data-element_type=\"container\" data-e-type=\"container\">\n\t\t\t\t<div class=\"elementor-element elementor-element-7d4eca2 elementor-widget elementor-widget-text-editor\" data-id=\"7d4eca2\" data-element_type=\"widget\" data-e-type=\"widget\" data-widget_type=\"text-editor.default\">\n\t\t\t\t<div class=\"elementor-widget-container\">\n\t\t\t\t\t\t\t\t\t<h4><strong>Kreative Entwicklung und Fertigung innovativer EDV-Produkte<\/strong><\/h4>\t\t\t\t\t\t\t\t<\/div>\n\t\t\t\t<\/div>\n\t\t\t\t<\/div>\n\t\t\t\t<div class=\"elementor-element elementor-element-8e64042 elementor-widget elementor-widget-spacer\" data-id=\"8e64042\" data-element_type=\"widget\" data-e-type=\"widget\" data-widget_type=\"spacer.default\">\n\t\t\t\t<div class=\"elementor-widget-container\">\n\t\t\t\t\t\t\t<div class=\"elementor-spacer\">\n\t\t\t<div class=\"elementor-spacer-inner\"><\/div>\n\t\t<\/div>\n\t\t\t\t\t\t<\/div>\n\t\t\t\t<\/div>\n\t\t\t\t<div class=\"elementor-element elementor-element-ea4911b elementor-widget elementor-widget-image\" data-id=\"ea4911b\" data-element_type=\"widget\" data-e-type=\"widget\" data-widget_type=\"image.default\">\n\t\t\t\t<div class=\"elementor-widget-container\">\n\t\t\t\t\t\t\t\t\t\t\t\t\t\t\t<img fetchpriority=\"high\" decoding=\"async\" width=\"628\" height=\"379\" src=\"https:\/\/mechatronic.com\/wp-content\/uploads\/2023\/09\/back__xl-1.webp\" class=\"attachment-large size-large wp-image-1928\" alt=\"\" srcset=\"https:\/\/mechatronic.com\/wp-content\/uploads\/2023\/09\/back__xl-1.webp 628w, https:\/\/mechatronic.com\/wp-content\/uploads\/2023\/09\/back__xl-1-300x181.webp 300w\" sizes=\"(max-width: 628px) 100vw, 628px\" \/>\t\t\t\t\t\t\t\t\t\t\t\t\t\t\t<\/div>\n\t\t\t\t<\/div>\n\t\t\t\t<div class=\"elementor-element elementor-element-e3897f4 elementor-widget__width-initial elementor-widget elementor-widget-image\" data-id=\"e3897f4\" data-element_type=\"widget\" data-e-type=\"widget\" data-widget_type=\"image.default\">\n\t\t\t\t<div class=\"elementor-widget-container\">\n\t\t\t\t\t\t\t\t\t\t\t\t\t\t\t<img decoding=\"async\" width=\"628\" height=\"379\" src=\"https:\/\/mechatronic.com\/wp-content\/uploads\/2023\/09\/front__xl.webp\" class=\"attachment-large size-large wp-image-17\" alt=\"\" srcset=\"https:\/\/mechatronic.com\/wp-content\/uploads\/2023\/09\/front__xl.webp 628w, https:\/\/mechatronic.com\/wp-content\/uploads\/2023\/09\/front__xl-300x181.webp 300w\" sizes=\"(max-width: 628px) 100vw, 628px\" \/>\t\t\t\t\t\t\t\t\t\t\t\t\t\t\t<\/div>\n\t\t\t\t<\/div>\n\t\t\t\t\t<\/div>\n\t\t<\/div>\n\t\t\t\t<div class=\"elementor-column elementor-col-50 elementor-top-column elementor-element elementor-element-2851bf7\" data-id=\"2851bf7\" data-element_type=\"column\" data-e-type=\"column\">\n\t\t\t<div class=\"elementor-widget-wrap elementor-element-populated\">\n\t\t\t\t\t\t<div class=\"elementor-element elementor-element-c857776 elementor-widget elementor-widget-spacer\" data-id=\"c857776\" data-element_type=\"widget\" data-e-type=\"widget\" data-widget_type=\"spacer.default\">\n\t\t\t\t<div class=\"elementor-widget-container\">\n\t\t\t\t\t\t\t<div class=\"elementor-spacer\">\n\t\t\t<div class=\"elementor-spacer-inner\"><\/div>\n\t\t<\/div>\n\t\t\t\t\t\t<\/div>\n\t\t\t\t<\/div>\n\t\t\t\t<div class=\"elementor-element elementor-element-3bb74d3 elementor-widget elementor-widget-text-editor\" data-id=\"3bb74d3\" data-element_type=\"widget\" data-e-type=\"widget\" data-widget_type=\"text-editor.default\">\n\t\t\t\t<div class=\"elementor-widget-container\">\n\t\t\t\t\t\t\t\t\t<h5>Mechatronic Systeme GmbH gegr\u00fcndet im Jahr 1986.<\/h5><p>Seit 1986 hat sich unser Unternehmen als kompetenter und zuverl\u00e4ssiger Ansprechpartner f\u00fcr Systeml\u00f6sungen bewiesen. Durch eine enge Kooperation mit internationalen Unternehmen in Taiwan und anderen asiatischen Staaten, bieten wir eine kosteneffiziente Optimierung beim Einkauf Ihrer ben\u00f6tigten Produkte. Unser Produktionsteam ist immer f\u00fcr Sie bereit, Ihre Systeme sowohl in Kleinserien als auch in gr\u00f6\u00dferen St\u00fcckzahlen zu fertigen. Wir bieten Ihnen ein hohes Qualit\u00e4tsniveau mit der modernsten Technologie<span style=\"background-color: var(--ast-global-color-5); color: var(--ast-global-color-3); font-style: inherit; font-weight: inherit;\">.<\/span><\/p>\t\t\t\t\t\t\t\t<\/div>\n\t\t\t\t<\/div>\n\t\t\t\t\t<\/div>\n\t\t<\/div>\n\t\t\t\t\t<\/div>\n\t\t<\/section>\n\t\t\t\t<section class=\"elementor-section elementor-top-section elementor-element elementor-element-aff6ae1 elementor-section-boxed elementor-section-height-default elementor-section-height-default\" data-id=\"aff6ae1\" data-element_type=\"section\" data-e-type=\"section\">\n\t\t\t\t\t\t<div class=\"elementor-container elementor-column-gap-wide\">\n\t\t\t\t\t<div class=\"elementor-column elementor-col-50 elementor-top-column elementor-element elementor-element-f8352c5\" data-id=\"f8352c5\" data-element_type=\"column\" data-e-type=\"column\">\n\t\t\t<div class=\"elementor-widget-wrap elementor-element-populated\">\n\t\t\t\t\t\t<div class=\"elementor-element elementor-element-cc447f2 elementor-widget elementor-widget-text-editor\" data-id=\"cc447f2\" data-element_type=\"widget\" data-e-type=\"widget\" data-widget_type=\"text-editor.default\">\n\t\t\t\t<div class=\"elementor-widget-container\">\n\t\t\t\t\t\t\t\t\t<h4>Dienstleistungen<\/h4><p>Wir bieten Ihnen umfassende Service-Leistungen rund um das Thema Computer und beraten Sie gerne bei Aufr\u00fcstung Ihrer Computersysteme mit Zubeh\u00f6r.<\/p><p>Diesen Service bieten wir auch Privatpersonen an.<\/p>\t\t\t\t\t\t\t\t<\/div>\n\t\t\t\t<\/div>\n\t\t\t\t<div class=\"elementor-element elementor-element-ac043d7 elementor-widget elementor-widget-spacer\" data-id=\"ac043d7\" data-element_type=\"widget\" data-e-type=\"widget\" data-widget_type=\"spacer.default\">\n\t\t\t\t<div class=\"elementor-widget-container\">\n\t\t\t\t\t\t\t<div class=\"elementor-spacer\">\n\t\t\t<div class=\"elementor-spacer-inner\"><\/div>\n\t\t<\/div>\n\t\t\t\t\t\t<\/div>\n\t\t\t\t<\/div>\n\t\t\t\t<div class=\"elementor-element elementor-element-00d516a elementor-widget elementor-widget-image\" data-id=\"00d516a\" data-element_type=\"widget\" data-e-type=\"widget\" data-widget_type=\"image.default\">\n\t\t\t\t<div class=\"elementor-widget-container\">\n\t\t\t\t\t\t\t\t\t\t\t\t\t\t\t<img decoding=\"async\" width=\"628\" height=\"379\" src=\"https:\/\/mechatronic.com\/wp-content\/uploads\/2023\/09\/dummy-1__xl-1.webp\" class=\"attachment-full size-full wp-image-1875\" alt=\"\" srcset=\"https:\/\/mechatronic.com\/wp-content\/uploads\/2023\/09\/dummy-1__xl-1.webp 628w, https:\/\/mechatronic.com\/wp-content\/uploads\/2023\/09\/dummy-1__xl-1-300x181.webp 300w\" sizes=\"(max-width: 628px) 100vw, 628px\" \/>\t\t\t\t\t\t\t\t\t\t\t\t\t\t\t<\/div>\n\t\t\t\t<\/div>\n\t\t\t\t\t<\/div>\n\t\t<\/div>\n\t\t\t\t<div class=\"elementor-column elementor-col-50 elementor-top-column elementor-element elementor-element-a4b2aab\" data-id=\"a4b2aab\" data-element_type=\"column\" data-e-type=\"column\">\n\t\t\t<div class=\"elementor-widget-wrap elementor-element-populated\">\n\t\t\t\t\t\t<div class=\"elementor-element elementor-element-b5de85d elementor-widget elementor-widget-spacer\" data-id=\"b5de85d\" data-element_type=\"widget\" data-e-type=\"widget\" data-widget_type=\"spacer.default\">\n\t\t\t\t<div class=\"elementor-widget-container\">\n\t\t\t\t\t\t\t<div class=\"elementor-spacer\">\n\t\t\t<div class=\"elementor-spacer-inner\"><\/div>\n\t\t<\/div>\n\t\t\t\t\t\t<\/div>\n\t\t\t\t<\/div>\n\t\t\t\t<div class=\"elementor-element elementor-element-4bdfea0 elementor-widget elementor-widget-text-editor\" data-id=\"4bdfea0\" data-element_type=\"widget\" data-e-type=\"widget\" data-widget_type=\"text-editor.default\">\n\t\t\t\t<div class=\"elementor-widget-container\">\n\t\t\t\t\t\t\t\t\t<h4>Betreuung<\/h4><p>Unser Team steht Ihnen w\u00e4hrend des gesamten Prozesses zur Verf\u00fcgung und unterst\u00fctzt Sie mit Fachwissen, um die beste L\u00f6sung zu finden. Sie erhalten ein qualitativ hochwertiges Produkt, auf Wunsch auch mit Ihrem Label.<\/p>\t\t\t\t\t\t\t\t<\/div>\n\t\t\t\t<\/div>\n\t\t\t\t\t<\/div>\n\t\t<\/div>\n\t\t\t\t\t<\/div>\n\t\t<\/section>\n\t\t<div class=\"elementor-element elementor-element-f91877a e-flex e-con-boxed e-con e-parent\" data-id=\"f91877a\" data-element_type=\"container\" data-e-type=\"container\">\n\t\t\t\t\t<div class=\"e-con-inner\">\n\t\t<div class=\"elementor-element elementor-element-0a0bb9c e-con-full e-flex e-con e-child\" data-id=\"0a0bb9c\" data-element_type=\"container\" data-e-type=\"container\">\n\t\t\t\t<div class=\"elementor-element elementor-element-bfbe769 elementor-widget elementor-widget-text-editor\" data-id=\"bfbe769\" data-element_type=\"widget\" data-e-type=\"widget\" data-widget_type=\"text-editor.default\">\n\t\t\t\t<div class=\"elementor-widget-container\">\n\t\t\t\t\t\t\t\t\t<h4>OEM-Fertigung<\/h4><p>Wir fertigen kundenspezifische Produkte, die nach Vorgabe und\/oder in enger Zusammenarbeit mit unseren Partnern entstehen. (Auch Kleinserien)<\/p>\t\t\t\t\t\t\t\t<\/div>\n\t\t\t\t<\/div>\n\t\t\t\t<\/div>\n\t\t<div class=\"elementor-element elementor-element-f3c1618 e-con-full e-flex e-con e-child\" data-id=\"f3c1618\" data-element_type=\"container\" data-e-type=\"container\">\n\t\t\t\t<\/div>\n\t\t\t\t\t<\/div>\n\t\t\t\t<\/div>\n\t\t<div class=\"elementor-element elementor-element-0c7485b e-flex e-con-boxed e-con e-parent\" data-id=\"0c7485b\" data-element_type=\"container\" data-e-type=\"container\">\n\t\t\t\t\t<div class=\"e-con-inner\">\n\t\t\t\t<div class=\"elementor-element elementor-element-e946095 elementor-widget__width-initial elementor-position-top elementor-widget elementor-widget-image-box\" data-id=\"e946095\" data-element_type=\"widget\" data-e-type=\"widget\" data-widget_type=\"image-box.default\">\n\t\t\t\t<div class=\"elementor-widget-container\">\n\t\t\t\t\t<div class=\"elementor-image-box-wrapper\"><figure class=\"elementor-image-box-img\"><img loading=\"lazy\" decoding=\"async\" width=\"232\" height=\"232\" src=\"https:\/\/mechatronic.com\/wp-content\/uploads\/2023\/09\/prototyp__xl.webp\" class=\"attachment-full size-full wp-image-35\" alt=\"\" srcset=\"https:\/\/mechatronic.com\/wp-content\/uploads\/2023\/09\/prototyp__xl.webp 232w, https:\/\/mechatronic.com\/wp-content\/uploads\/2023\/09\/prototyp__xl-150x150.webp 150w\" sizes=\"(max-width: 232px) 100vw, 232px\" \/><\/figure><div class=\"elementor-image-box-content\"><h4 class=\"elementor-image-box-title\">Prototypen<\/h4><p class=\"elementor-image-box-description\">Wir fertigen bei Bedarf Prototypen um die Produkte im realistischen Umfeld auf Funktionalit\u00e4t zu pr\u00fcfen.<\/p><\/div><\/div>\t\t\t\t<\/div>\n\t\t\t\t<\/div>\n\t\t\t\t<div class=\"elementor-element elementor-element-1cb1fe8 elementor-widget elementor-widget-spacer\" data-id=\"1cb1fe8\" data-element_type=\"widget\" data-e-type=\"widget\" data-widget_type=\"spacer.default\">\n\t\t\t\t<div class=\"elementor-widget-container\">\n\t\t\t\t\t\t\t<div class=\"elementor-spacer\">\n\t\t\t<div class=\"elementor-spacer-inner\"><\/div>\n\t\t<\/div>\n\t\t\t\t\t\t<\/div>\n\t\t\t\t<\/div>\n\t\t\t\t<div class=\"elementor-element elementor-element-5f87d7d elementor-widget__width-initial elementor-widget elementor-widget-spacer\" data-id=\"5f87d7d\" data-element_type=\"widget\" data-e-type=\"widget\" data-widget_type=\"spacer.default\">\n\t\t\t\t<div class=\"elementor-widget-container\">\n\t\t\t\t\t\t\t<div class=\"elementor-spacer\">\n\t\t\t<div class=\"elementor-spacer-inner\"><\/div>\n\t\t<\/div>\n\t\t\t\t\t\t<\/div>\n\t\t\t\t<\/div>\n\t\t\t\t<div class=\"elementor-element elementor-element-0012d84 elementor-widget__width-initial elementor-position-top elementor-widget elementor-widget-image-box\" data-id=\"0012d84\" data-element_type=\"widget\" data-e-type=\"widget\" data-widget_type=\"image-box.default\">\n\t\t\t\t<div class=\"elementor-widget-container\">\n\t\t\t\t\t<div class=\"elementor-image-box-wrapper\"><figure class=\"elementor-image-box-img\"><img loading=\"lazy\" decoding=\"async\" width=\"232\" height=\"232\" src=\"https:\/\/mechatronic.com\/wp-content\/uploads\/2023\/09\/kleinserie__xl.webp\" class=\"attachment-full size-full wp-image-36\" alt=\"\" srcset=\"https:\/\/mechatronic.com\/wp-content\/uploads\/2023\/09\/kleinserie__xl.webp 232w, https:\/\/mechatronic.com\/wp-content\/uploads\/2023\/09\/kleinserie__xl-150x150.webp 150w\" sizes=\"(max-width: 232px) 100vw, 232px\" \/><\/figure><div class=\"elementor-image-box-content\"><p class=\"elementor-image-box-description\">Wir bieten eine kompetente Fertigung sowohl in Kleinserien als auch in gro\u00dfer St\u00fcckzahl.<\/p><\/div><\/div>\t\t\t\t<\/div>\n\t\t\t\t<\/div>\n\t\t\t\t\t<\/div>\n\t\t\t\t<\/div>\n\t\t<div class=\"elementor-element elementor-element-1f8a65b e-flex e-con-boxed e-con e-parent\" data-id=\"1f8a65b\" data-element_type=\"container\" data-e-type=\"container\">\n\t\t\t\t\t<div class=\"e-con-inner\">\n\t\t\t\t<div class=\"elementor-element elementor-element-0c39bfa elementor-widget elementor-widget-spacer\" data-id=\"0c39bfa\" data-element_type=\"widget\" data-e-type=\"widget\" data-widget_type=\"spacer.default\">\n\t\t\t\t<div class=\"elementor-widget-container\">\n\t\t\t\t\t\t\t<div class=\"elementor-spacer\">\n\t\t\t<div class=\"elementor-spacer-inner\"><\/div>\n\t\t<\/div>\n\t\t\t\t\t\t<\/div>\n\t\t\t\t<\/div>\n\t\t\t\t\t<\/div>\n\t\t\t\t<\/div>\n\t\t<div class=\"elementor-element elementor-element-f649adc e-flex e-con-boxed e-con e-parent\" data-id=\"f649adc\" data-element_type=\"container\" data-e-type=\"container\">\n\t\t\t\t\t<div class=\"e-con-inner\">\n\t\t\t\t<div class=\"elementor-element elementor-element-e32433e elementor-widget elementor-widget-text-editor\" data-id=\"e32433e\" data-element_type=\"widget\" data-e-type=\"widget\" data-widget_type=\"text-editor.default\">\n\t\t\t\t<div class=\"elementor-widget-container\">\n\t\t\t\t\t\t\t\t\t<h5>Standard-Produkte<\/h5><p>Wir bieten eine gro\u00dfe Auswahl an Standard-Produkten aus verschiedenen Bereichen.<\/p>\t\t\t\t\t\t\t\t<\/div>\n\t\t\t\t<\/div>\n\t\t\t\t\t<\/div>\n\t\t\t\t<\/div>\n\t\t<div class=\"elementor-element elementor-element-d243a0f e-flex e-con-boxed e-con e-parent\" data-id=\"d243a0f\" data-element_type=\"container\" data-e-type=\"container\">\n\t\t\t\t\t<div class=\"e-con-inner\">\n\t\t\t\t<div class=\"elementor-element elementor-element-71f2177 elementor-widget__width-initial elementor-position-top elementor-widget elementor-widget-image-box\" data-id=\"71f2177\" data-element_type=\"widget\" data-e-type=\"widget\" data-widget_type=\"image-box.default\">\n\t\t\t\t<div class=\"elementor-widget-container\">\n\t\t\t\t\t<div class=\"elementor-image-box-wrapper\"><figure class=\"elementor-image-box-img\"><img loading=\"lazy\" decoding=\"async\" width=\"232\" height=\"232\" src=\"https:\/\/mechatronic.com\/wp-content\/uploads\/2023\/09\/elektronik__xl.webp\" class=\"attachment-full size-full wp-image-46\" alt=\"\" srcset=\"https:\/\/mechatronic.com\/wp-content\/uploads\/2023\/09\/elektronik__xl.webp 232w, https:\/\/mechatronic.com\/wp-content\/uploads\/2023\/09\/elektronik__xl-150x150.webp 150w\" sizes=\"(max-width: 232px) 100vw, 232px\" \/><\/figure><div class=\"elementor-image-box-content\"><h4 class=\"elementor-image-box-title\">Elektronische Ger\u00e4te<\/h4><\/div><\/div>\t\t\t\t<\/div>\n\t\t\t\t<\/div>\n\t\t\t\t<div class=\"elementor-element elementor-element-65ce538 elementor-widget elementor-widget-spacer\" data-id=\"65ce538\" data-element_type=\"widget\" data-e-type=\"widget\" data-widget_type=\"spacer.default\">\n\t\t\t\t<div class=\"elementor-widget-container\">\n\t\t\t\t\t\t\t<div class=\"elementor-spacer\">\n\t\t\t<div class=\"elementor-spacer-inner\"><\/div>\n\t\t<\/div>\n\t\t\t\t\t\t<\/div>\n\t\t\t\t<\/div>\n\t\t\t\t<div class=\"elementor-element elementor-element-96f9bd0 elementor-widget__width-initial elementor-widget elementor-widget-spacer\" data-id=\"96f9bd0\" data-element_type=\"widget\" data-e-type=\"widget\" data-widget_type=\"spacer.default\">\n\t\t\t\t<div class=\"elementor-widget-container\">\n\t\t\t\t\t\t\t<div class=\"elementor-spacer\">\n\t\t\t<div class=\"elementor-spacer-inner\"><\/div>\n\t\t<\/div>\n\t\t\t\t\t\t<\/div>\n\t\t\t\t<\/div>\n\t\t\t\t<div class=\"elementor-element elementor-element-40b06b6 elementor-widget__width-initial elementor-position-top elementor-widget elementor-widget-image-box\" data-id=\"40b06b6\" data-element_type=\"widget\" data-e-type=\"widget\" data-widget_type=\"image-box.default\">\n\t\t\t\t<div class=\"elementor-widget-container\">\n\t\t\t\t\t<div class=\"elementor-image-box-wrapper\"><figure class=\"elementor-image-box-img\"><img loading=\"lazy\" decoding=\"async\" width=\"232\" height=\"232\" src=\"https:\/\/mechatronic.com\/wp-content\/uploads\/2023\/09\/sample__xl.webp\" class=\"attachment-full size-full wp-image-48\" alt=\"\" srcset=\"https:\/\/mechatronic.com\/wp-content\/uploads\/2023\/09\/sample__xl.webp 232w, https:\/\/mechatronic.com\/wp-content\/uploads\/2023\/09\/sample__xl-150x150.webp 150w\" sizes=\"(max-width: 232px) 100vw, 232px\" \/><\/figure><div class=\"elementor-image-box-content\"><h4 class=\"elementor-image-box-title\">Einzelkomponenten<\/h4><\/div><\/div>\t\t\t\t<\/div>\n\t\t\t\t<\/div>\n\t\t\t\t\t<\/div>\n\t\t\t\t<\/div>\n\t\t\t\t<\/div>\n\t\t","protected":false},"excerpt":{"rendered":"<p>Kreative Entwicklung und Fertigung innovativer EDV-Produkte Mechatronic Systeme GmbH gegr\u00fcndet im Jahr 1986. Seit 1986 hat sich unser Unternehmen als kompetenter und zuverl\u00e4ssiger Ansprechpartner f\u00fcr Systeml\u00f6sungen bewiesen. Durch eine enge Kooperation mit internationalen Unternehmen in Taiwan und anderen asiatischen Staaten, bieten wir eine kosteneffiziente Optimierung beim Einkauf Ihrer ben\u00f6tigten Produkte. Unser Produktionsteam ist immer f\u00fcr [&hellip;]<\/p>\n","protected":false},"author":1,"featured_media":0,"parent":0,"menu_order":0,"comment_status":"closed","ping_status":"closed","template":"","meta":{"site-sidebar-layout":"no-sidebar","site-content-layout":"page-builder","ast-site-content-layout":"default","site-content-style":"default","site-sidebar-style":"default","ast-global-header-display":"","ast-banner-title-visibility":"","ast-main-header-display":"","ast-hfb-above-header-display":"","ast-hfb-below-header-display":"","ast-hfb-mobile-header-display":"","site-post-title":"disabled","ast-breadcrumbs-content":"","ast-featured-img":"disabled","footer-sml-layout":"","ast-disable-related-posts":"","theme-transparent-header-meta":"enabled","adv-header-id-meta":"","stick-header-meta":"","header-above-stick-meta":"","header-main-stick-meta":"","header-below-stick-meta":"","astra-migrate-meta-layouts":"default","ast-page-background-enabled":"default","ast-page-background-meta":{"desktop":{"background-color":"var(--ast-global-color-4)","background-image":"","background-repeat":"repeat","background-position":"center center","background-size":"auto","background-attachment":"scroll","background-type":"","background-media":"","overlay-type":"","overlay-color":"","overlay-opacity":"","overlay-gradient":""},"tablet":{"background-color":"","background-image":"","background-repeat":"repeat","background-position":"center center","background-size":"auto","background-attachment":"scroll","background-type":"","background-media":"","overlay-type":"","overlay-color":"","overlay-opacity":"","overlay-gradient":""},"mobile":{"background-color":"","background-image":"","background-repeat":"repeat","background-position":"center center","background-size":"auto","background-attachment":"scroll","background-type":"","background-media":"","overlay-type":"","overlay-color":"","overlay-opacity":"","overlay-gradient":""}},"ast-content-background-meta":{"desktop":{"background-color":"var(--ast-global-color-5)","background-image":"","background-repeat":"repeat","background-position":"center center","background-size":"auto","background-attachment":"scroll","background-type":"","background-media":"","overlay-type":"","overlay-color":"","overlay-opacity":"","overlay-gradient":""},"tablet":{"background-color":"var(--ast-global-color-5)","background-image":"","background-repeat":"repeat","background-position":"center center","background-size":"auto","background-attachment":"scroll","background-type":"","background-media":"","overlay-type":"","overlay-color":"","overlay-opacity":"","overlay-gradient":""},"mobile":{"background-color":"var(--ast-global-color-5)","background-image":"","background-repeat":"repeat","background-position":"center center","background-size":"auto","background-attachment":"scroll","background-type":"","background-media":"","overlay-type":"","overlay-color":"","overlay-opacity":"","overlay-gradient":""}},"footnotes":""},"class_list":["post-1448","page","type-page","status-publish","hentry"],"_links":{"self":[{"href":"https:\/\/mechatronic.com\/index.php?rest_route=\/wp\/v2\/pages\/1448","targetHints":{"allow":["GET"]}}],"collection":[{"href":"https:\/\/mechatronic.com\/index.php?rest_route=\/wp\/v2\/pages"}],"about":[{"href":"https:\/\/mechatronic.com\/index.php?rest_route=\/wp\/v2\/types\/page"}],"author":[{"embeddable":true,"href":"https:\/\/mechatronic.com\/index.php?rest_route=\/wp\/v2\/users\/1"}],"replies":[{"embeddable":true,"href":"https:\/\/mechatronic.com\/index.php?rest_route=%2Fwp%2Fv2%2Fcomments&post=1448"}],"version-history":[{"count":61,"href":"https:\/\/mechatronic.com\/index.php?rest_route=\/wp\/v2\/pages\/1448\/revisions"}],"predecessor-version":[{"id":2127,"href":"https:\/\/mechatronic.com\/index.php?rest_route=\/wp\/v2\/pages\/1448\/revisions\/2127"}],"wp:attachment":[{"href":"https:\/\/mechatronic.com\/index.php?rest_route=%2Fwp%2Fv2%2Fmedia&parent=1448"}],"curies":[{"name":"wp","href":"https:\/\/api.w.org\/{rel}","templated":true}]}}